{"id":344,"date":"2020-01-03T19:17:31","date_gmt":"2020-01-03T18:17:31","guid":{"rendered":"https:\/\/www.textschmiede-laessig.de\/?post_type=product&#038;p=344"},"modified":"2020-01-10T16:44:44","modified_gmt":"2020-01-10T15:44:44","slug":"gedichtband-1-abgrund-reihe-lebensdurst-und-todeshunger","status":"publish","type":"product","link":"https:\/\/www.textschmiede-laessig.de\/?product=gedichtband-1-abgrund-reihe-lebensdurst-und-todeshunger","title":{"rendered":"Gedichtband 1 &#8220;Abgrund&#8221; &#8211; Reihe &#8220;Lebensdurst und Todeshunger&#8221;"},"content":{"rendered":"<p style=\"text-align: center;\"><o:p>\u00a0<\/o:p><i>&#8220;Im ersten<\/i><i><\/i><i> Teil &#8220;Abgrund&#8221; der Gedichtreihe &#8220;Lebensdurst und Todeshunger&#8221; geht es um unterschiedl<\/i><i>iche Abgr\u00fcnde.<\/i> <o:p><\/o:p><\/p>\n<p style=\"text-align: center;\" align=\"center\"><i>Abgr\u00fcnde des menschlichen Seins, Denkens und W\u00fcnschens.<\/i><o:p><\/o:p><\/p>\n<p style=\"text-align: center;\" align=\"center\"><i>Oftmals melancholisch getragen, einen dunklen Fluss herab st\u00fcrzend, die letzte rettende Klippe verpassend und doch noch ein kleiner Schimmer Hoffnung durch schimmernd oder erwartend.<\/i><o:p><\/o:p><\/p>\n<p style=\"text-align: center;\" align=\"center\"><i>Mal in Reimen das Blatt verziert oder gerade heraus im inbr\u00fcnstigen Feuer der Schreibwut drauf gespuckt. Gedanken, die in Trauer, einfach zwischendurch oder auch bei strahlendem Sonnenschein durch den teils noch jungen Geist der Autorin huschten und ihre Spuren hinterlie\u00dfen.<\/i> <o:p><\/o:p><\/p>\n<p style=\"text-align: center;\" align=\"center\"><i>Mit sechszehn die ersten Gedichte eifrig in ein Heftchen begonnen zu schreiben, gibt es hier den ersten kleinen Vorgeschmack.&#8221;<\/i> <o:p><\/o:p><\/p>\n","protected":false},"excerpt":{"rendered":"<p>\u00a0&#8220;Im ersten Teil &#8220;Abgrund&#8221; der Gedichtreihe &#8220;Lebensdurst und Todeshunger&#8221; geht es um unterschiedliche Abgr\u00fcnde. Abgr\u00fcnde des menschlichen Seins, Denkens und W\u00fcnschens. Oftmals melancholisch getragen, einen dunklen Fluss herab st\u00fcrzend, die letzte rettende Klippe verpassend und doch noch ein kleiner Schimmer Hoffnung durch schimmernd oder erwartend. Mal in Reimen das Blatt [&hellip;]<\/p>\n","protected":false},"featured_media":346,"comment_status":"open","ping_status":"closed","template":"","meta":[],"product_cat":[20],"product_tag":[],"class_list":{"0":"post-344","1":"product","2":"type-product","3":"status-publish","4":"has-post-thumbnail","6":"product_cat-gedichtbaende","8":"first","9":"instock","10":"shipping-taxable","11":"purchasable","12":"product-type-simple"},"_links":{"self":[{"href":"https:\/\/www.textschmiede-laessig.de\/index.php?rest_route=\/wp\/v2\/product\/344"}],"collection":[{"href":"https:\/\/www.textschmiede-laessig.de\/index.php?rest_route=\/wp\/v2\/product"}],"about":[{"href":"https:\/\/www.textschmiede-laessig.de\/index.php?rest_route=\/wp\/v2\/types\/product"}],"replies":[{"embeddable":true,"href":"https:\/\/www.textschmiede-laessig.de\/index.php?rest_route=%2Fwp%2Fv2%2Fcomments&post=344"}],"wp:featuredmedia":[{"embeddable":true,"href":"https:\/\/www.textschmiede-laessig.de\/index.php?rest_route=\/wp\/v2\/media\/346"}],"wp:attachment":[{"href":"https:\/\/www.textschmiede-laessig.de\/index.php?rest_route=%2Fwp%2Fv2%2Fmedia&parent=344"}],"wp:term":[{"taxonomy":"product_cat","embeddable":true,"href":"https:\/\/www.textschmiede-laessig.de\/index.php?rest_route=%2Fwp%2Fv2%2Fproduct_cat&post=344"},{"taxonomy":"product_tag","embeddable":true,"href":"https:\/\/www.textschmiede-laessig.de\/index.php?rest_route=%2Fwp%2Fv2%2Fproduct_tag&post=344"}],"curies":[{"name":"wp","href":"https:\/\/api.w.org\/{rel}","templated":true}]}}