{"id":349,"date":"2020-01-03T19:27:00","date_gmt":"2020-01-03T18:27:00","guid":{"rendered":"https:\/\/www.textschmiede-laessig.de\/?post_type=product&#038;p=349"},"modified":"2020-01-10T16:44:37","modified_gmt":"2020-01-10T15:44:37","slug":"gedichtband-2-metamorphose-reihe-lebensdurst-und-todeshunger","status":"publish","type":"product","link":"https:\/\/www.textschmiede-laessig.de\/?product=gedichtband-2-metamorphose-reihe-lebensdurst-und-todeshunger","title":{"rendered":"Gedichtband 2 &#8220;Metamorphose&#8221; &#8211; Reihe &#8220;Lebensdurst und Todeshunger&#8221;"},"content":{"rendered":"<p style=\"text-align: center;\" align=\"center\"><i>&#8220;Im zweiten Teil &#8220;Metamorphose&#8221; der Gedichtreihe &#8220;Lebensdurst und Todeshunger&#8221; geht es um unterschiedliche Wandlungen.<\/i><o:p><\/o:p><\/p>\n<p style=\"text-align: center;\" align=\"center\"><i>Wandlungen von Zust\u00e4nden, Gestalten, einzelnen K\u00f6rperparten und des Seins.<\/i><o:p><\/o:p><\/p>\n<p style=\"text-align: center;\" align=\"center\"><i>Jeder Beitrag ein verworrenes kleines Spiel.<\/i><o:p><\/o:p><\/p>\n<p style=\"text-align: center;\" align=\"center\"><i>Der erste Teil &#8220;Abgrund&#8221; der Gedichtreihe &#8220;Lebensdurst und Todeshunger&#8221; wurde bereits von d\u00fcsteren Stimmungen mit leichten Hoffnungsschimmern zaghaft durchstrahlt.<\/i><o:p><\/o:p><\/p>\n<p style=\"text-align: center;\" align=\"center\"><i>Doch zieht sich auch hier ein eher dunkler Faden durch die Gedichte und Gedanken.<\/i> <o:p><\/o:p><\/p>\n<p style=\"text-align: center;\" align=\"center\"><i>Der gro\u00dfe Unterschied besteht zwischen den beiden B\u00e4nden besteht darin, dass nicht nur Werke aus der Vergangenheit der Autorin hier das Papier erobern, sondern auch gegenw\u00e4rtige Ausgeburten ihres Schaffens Raum finden.<\/i><o:p><\/o:p><\/p>\n<p style=\"text-align: center;\" align=\"center\"><i>Aber finden Sie selbst heraus, was fr\u00fcher das jugendliche Gehirn umhertrieb und heute noch im \u00e4lteren Geiste spuckt.&#8221;<\/i> <o:p><\/o:p><\/p>\n","protected":false},"excerpt":{"rendered":"<p>&#8220;Im zweiten Teil &#8220;Metamorphose&#8221; der Gedichtreihe &#8220;Lebensdurst und Todeshunger&#8221; geht es um unterschiedliche Wandlungen. Wandlungen von Zust\u00e4nden, Gestalten, einzelnen K\u00f6rperparten und des Seins. Jeder Beitrag ein verworrenes kleines Spiel. Der erste Teil &#8220;Abgrund&#8221; der Gedichtreihe &#8220;Lebensdurst und Todeshunger&#8221; wurde bereits von d\u00fcsteren Stimmungen mit leichten Hoffnungsschimmern zaghaft durchstrahlt. Doch zieht [&hellip;]<\/p>\n","protected":false},"featured_media":350,"comment_status":"open","ping_status":"closed","template":"","meta":[],"product_cat":[20],"product_tag":[],"class_list":{"0":"post-349","1":"product","2":"type-product","3":"status-publish","4":"has-post-thumbnail","6":"product_cat-gedichtbaende","8":"first","9":"instock","10":"shipping-taxable","11":"purchasable","12":"product-type-simple"},"_links":{"self":[{"href":"https:\/\/www.textschmiede-laessig.de\/index.php?rest_route=\/wp\/v2\/product\/349"}],"collection":[{"href":"https:\/\/www.textschmiede-laessig.de\/index.php?rest_route=\/wp\/v2\/product"}],"about":[{"href":"https:\/\/www.textschmiede-laessig.de\/index.php?rest_route=\/wp\/v2\/types\/product"}],"replies":[{"embeddable":true,"href":"https:\/\/www.textschmiede-laessig.de\/index.php?rest_route=%2Fwp%2Fv2%2Fcomments&post=349"}],"wp:featuredmedia":[{"embeddable":true,"href":"https:\/\/www.textschmiede-laessig.de\/index.php?rest_route=\/wp\/v2\/media\/350"}],"wp:attachment":[{"href":"https:\/\/www.textschmiede-laessig.de\/index.php?rest_route=%2Fwp%2Fv2%2Fmedia&parent=349"}],"wp:term":[{"taxonomy":"product_cat","embeddable":true,"href":"https:\/\/www.textschmiede-laessig.de\/index.php?rest_route=%2Fwp%2Fv2%2Fproduct_cat&post=349"},{"taxonomy":"product_tag","embeddable":true,"href":"https:\/\/www.textschmiede-laessig.de\/index.php?rest_route=%2Fwp%2Fv2%2Fproduct_tag&post=349"}],"curies":[{"name":"wp","href":"https:\/\/api.w.org\/{rel}","templated":true}]}}